{"id":16,"date":"2024-07-10T10:13:39","date_gmt":"2024-07-10T10:13:39","guid":{"rendered":"https:\/\/www.bistrotdesalpilles.fr\/?page_id=16"},"modified":"2024-07-19T13:36:56","modified_gmt":"2024-07-19T13:36:56","slug":"groups","status":"publish","type":"page","link":"https:\/\/www.bistrotdesalpilles.fr\/en\/groups\/","title":{"rendered":"Restaurant group Saint R\u00e9my de provence"},"content":{"rendered":"","protected":false},"excerpt":{"rendered":"","protected":false},"author":1,"featured_media":85,"parent":0,"menu_order":0,"comment_status":"closed","ping_status":"closed","template":"","meta":{"_monsterinsights_skip_tracking":false,"_monsterinsights_sitenote_active":false,"_monsterinsights_sitenote_note":"","_monsterinsights_sitenote_category":0,"footnotes":""},"class_list":["post-16","page","type-page","status-publish","has-post-thumbnail","czr-hentry"],"yoast_head":"<!-- This site is optimized with the Yoast SEO plugin v27.4 - https:\/\/yoast.com\/product\/yoast-seo-wordpress\/ -->\n<title>Bistrot des Alpilles - Restaurant groupe Saint R\u00e9my de provence<\/title>\n<meta name=\"description\" content=\"Bistrot des Alpilles - Restaurant groupe Saint R\u00e9my de provence - Formules sp\u00e9ciales pour les groupes\" \/>\n<meta name=\"robots\" content=\"index, follow, max-snippet:-1, max-image-preview:large, max-video-preview:-1\" \/>\n<link rel=\"canonical\" href=\"https:\/\/www.bistrotdesalpilles.fr\/en\/groups\/\" \/>\n<meta property=\"og:locale\" content=\"en_GB\" \/>\n<meta property=\"og:type\" content=\"article\" \/>\n<meta property=\"og:title\" content=\"Bistrot des Alpilles - Restaurant groupe Saint R\u00e9my de provence\" \/>\n<meta property=\"og:description\" content=\"Bistrot des Alpilles - Restaurant groupe Saint R\u00e9my de provence - Formules sp\u00e9ciales pour les groupes\" \/>\n<meta property=\"og:url\" content=\"https:\/\/www.bistrotdesalpilles.fr\/en\/groups\/\" \/>\n<meta property=\"og:site_name\" content=\"Bistrot des Alpilles\" \/>\n<meta property=\"article:publisher\" content=\"https:\/\/www.facebook.com\/lebistrotdesalpilles\/?locale=fr_FR\" \/>\n<meta property=\"article:modified_time\" content=\"2024-07-19T13:36:56+00:00\" \/>\n<meta property=\"og:image\" content=\"https:\/\/www.bistrotdesalpilles.fr\/wp-content\/uploads\/2024\/07\/ok-38-1.jpg\" \/>\n\t<meta property=\"og:image:width\" content=\"1280\" \/>\n\t<meta property=\"og:image:height\" content=\"1920\" \/>\n\t<meta property=\"og:image:type\" content=\"image\/jpeg\" \/>\n<meta name=\"twitter:card\" content=\"summary_large_image\" \/>\n<meta name=\"twitter:label1\" content=\"Estimated reading time\" \/>\n\t<meta name=\"twitter:data1\" content=\"2 minutes\" \/>\n<script type=\"application\/ld+json\" class=\"yoast-schema-graph\">{\"@context\":\"https:\\\/\\\/schema.org\",\"@graph\":[{\"@type\":[\"WebPage\",\"SearchResultsPage\"],\"@id\":\"https:\\\/\\\/www.bistrotdesalpilles.fr\\\/les-groupes\\\/\",\"url\":\"https:\\\/\\\/www.bistrotdesalpilles.fr\\\/les-groupes\\\/\",\"name\":\"Bistrot des Alpilles - Restaurant groupe Saint R\u00e9my de provence\",\"isPartOf\":{\"@id\":\"https:\\\/\\\/www.bistrotdesalpilles.fr\\\/#website\"},\"primaryImageOfPage\":{\"@id\":\"https:\\\/\\\/www.bistrotdesalpilles.fr\\\/les-groupes\\\/#primaryimage\"},\"image\":{\"@id\":\"https:\\\/\\\/www.bistrotdesalpilles.fr\\\/les-groupes\\\/#primaryimage\"},\"thumbnailUrl\":\"https:\\\/\\\/www.bistrotdesalpilles.fr\\\/wp-content\\\/uploads\\\/2024\\\/07\\\/ok-38-1.jpg\",\"datePublished\":\"2024-07-10T10:13:39+00:00\",\"dateModified\":\"2024-07-19T13:36:56+00:00\",\"description\":\"Bistrot des Alpilles - Restaurant groupe Saint R\u00e9my de provence - Formules sp\u00e9ciales pour les groupes\",\"breadcrumb\":{\"@id\":\"https:\\\/\\\/www.bistrotdesalpilles.fr\\\/les-groupes\\\/#breadcrumb\"},\"inLanguage\":\"en-GB\",\"potentialAction\":[{\"@type\":\"ReadAction\",\"target\":[\"https:\\\/\\\/www.bistrotdesalpilles.fr\\\/les-groupes\\\/\"]}]},{\"@type\":\"ImageObject\",\"inLanguage\":\"en-GB\",\"@id\":\"https:\\\/\\\/www.bistrotdesalpilles.fr\\\/les-groupes\\\/#primaryimage\",\"url\":\"https:\\\/\\\/www.bistrotdesalpilles.fr\\\/wp-content\\\/uploads\\\/2024\\\/07\\\/ok-38-1.jpg\",\"contentUrl\":\"https:\\\/\\\/www.bistrotdesalpilles.fr\\\/wp-content\\\/uploads\\\/2024\\\/07\\\/ok-38-1.jpg\",\"width\":1280,\"height\":1920},{\"@type\":\"BreadcrumbList\",\"@id\":\"https:\\\/\\\/www.bistrotdesalpilles.fr\\\/les-groupes\\\/#breadcrumb\",\"itemListElement\":[{\"@type\":\"ListItem\",\"position\":1,\"name\":\"Accueil\",\"item\":\"https:\\\/\\\/www.bistrotdesalpilles.fr\\\/\"},{\"@type\":\"ListItem\",\"position\":2,\"name\":\"Restaurant groupe Saint R\u00e9my de provence\"}]},{\"@type\":\"WebSite\",\"@id\":\"https:\\\/\\\/www.bistrotdesalpilles.fr\\\/#website\",\"url\":\"https:\\\/\\\/www.bistrotdesalpilles.fr\\\/\",\"name\":\"Bistrot des Alpilles\",\"description\":\"\",\"potentialAction\":[{\"@type\":\"SearchAction\",\"target\":{\"@type\":\"EntryPoint\",\"urlTemplate\":\"https:\\\/\\\/www.bistrotdesalpilles.fr\\\/?s={search_term_string}\"},\"query-input\":{\"@type\":\"PropertyValueSpecification\",\"valueRequired\":true,\"valueName\":\"search_term_string\"}}],\"inLanguage\":\"en-GB\"}]}<\/script>\n<!-- \/ Yoast SEO plugin. -->","yoast_head_json":{"title":"Bistrot des Alpilles - Restaurant group Saint R\u00e9my de provence","description":"Bistrot des Alpilles - Group restaurant Saint R\u00e9my de provence - Special offers for groups","robots":{"index":"index","follow":"follow","max-snippet":"max-snippet:-1","max-image-preview":"max-image-preview:large","max-video-preview":"max-video-preview:-1"},"canonical":"https:\/\/www.bistrotdesalpilles.fr\/en\/groups\/","og_locale":"en_GB","og_type":"article","og_title":"Bistrot des Alpilles - Restaurant groupe Saint R\u00e9my de provence","og_description":"Bistrot des Alpilles - Restaurant groupe Saint R\u00e9my de provence - Formules sp\u00e9ciales pour les groupes","og_url":"https:\/\/www.bistrotdesalpilles.fr\/en\/groups\/","og_site_name":"Bistrot des Alpilles","article_publisher":"https:\/\/www.facebook.com\/lebistrotdesalpilles\/?locale=fr_FR","article_modified_time":"2024-07-19T13:36:56+00:00","og_image":[{"width":1280,"height":1920,"url":"https:\/\/www.bistrotdesalpilles.fr\/wp-content\/uploads\/2024\/07\/ok-38-1.jpg","type":"image\/jpeg"}],"twitter_card":"summary_large_image","twitter_misc":{"Estimated reading time":"2 minutes"},"schema":{"@context":"https:\/\/schema.org","@graph":[{"@type":["WebPage","SearchResultsPage"],"@id":"https:\/\/www.bistrotdesalpilles.fr\/les-groupes\/","url":"https:\/\/www.bistrotdesalpilles.fr\/les-groupes\/","name":"Bistrot des Alpilles - Restaurant group Saint R\u00e9my de provence","isPartOf":{"@id":"https:\/\/www.bistrotdesalpilles.fr\/#website"},"primaryImageOfPage":{"@id":"https:\/\/www.bistrotdesalpilles.fr\/les-groupes\/#primaryimage"},"image":{"@id":"https:\/\/www.bistrotdesalpilles.fr\/les-groupes\/#primaryimage"},"thumbnailUrl":"https:\/\/www.bistrotdesalpilles.fr\/wp-content\/uploads\/2024\/07\/ok-38-1.jpg","datePublished":"2024-07-10T10:13:39+00:00","dateModified":"2024-07-19T13:36:56+00:00","description":"Bistrot des Alpilles - Group restaurant Saint R\u00e9my de provence - Special offers for groups","breadcrumb":{"@id":"https:\/\/www.bistrotdesalpilles.fr\/les-groupes\/#breadcrumb"},"inLanguage":"en-GB","potentialAction":[{"@type":"ReadAction","target":["https:\/\/www.bistrotdesalpilles.fr\/les-groupes\/"]}]},{"@type":"ImageObject","inLanguage":"en-GB","@id":"https:\/\/www.bistrotdesalpilles.fr\/les-groupes\/#primaryimage","url":"https:\/\/www.bistrotdesalpilles.fr\/wp-content\/uploads\/2024\/07\/ok-38-1.jpg","contentUrl":"https:\/\/www.bistrotdesalpilles.fr\/wp-content\/uploads\/2024\/07\/ok-38-1.jpg","width":1280,"height":1920},{"@type":"BreadcrumbList","@id":"https:\/\/www.bistrotdesalpilles.fr\/les-groupes\/#breadcrumb","itemListElement":[{"@type":"ListItem","position":1,"name":"Accueil","item":"https:\/\/www.bistrotdesalpilles.fr\/"},{"@type":"ListItem","position":2,"name":"Restaurant groupe Saint R\u00e9my de provence"}]},{"@type":"WebSite","@id":"https:\/\/www.bistrotdesalpilles.fr\/#website","url":"https:\/\/www.bistrotdesalpilles.fr\/","name":"Bistrot des Alpilles","description":"","potentialAction":[{"@type":"SearchAction","target":{"@type":"EntryPoint","urlTemplate":"https:\/\/www.bistrotdesalpilles.fr\/?s={search_term_string}"},"query-input":{"@type":"PropertyValueSpecification","valueRequired":true,"valueName":"search_term_string"}}],"inLanguage":"en-GB"}]}},"_links":{"self":[{"href":"https:\/\/www.bistrotdesalpilles.fr\/en\/wp-json\/wp\/v2\/pages\/16","targetHints":{"allow":["GET"]}}],"collection":[{"href":"https:\/\/www.bistrotdesalpilles.fr\/en\/wp-json\/wp\/v2\/pages"}],"about":[{"href":"https:\/\/www.bistrotdesalpilles.fr\/en\/wp-json\/wp\/v2\/types\/page"}],"author":[{"embeddable":true,"href":"https:\/\/www.bistrotdesalpilles.fr\/en\/wp-json\/wp\/v2\/users\/1"}],"replies":[{"embeddable":true,"href":"https:\/\/www.bistrotdesalpilles.fr\/en\/wp-json\/wp\/v2\/comments?post=16"}],"version-history":[{"count":2,"href":"https:\/\/www.bistrotdesalpilles.fr\/en\/wp-json\/wp\/v2\/pages\/16\/revisions"}],"predecessor-version":[{"id":352,"href":"https:\/\/www.bistrotdesalpilles.fr\/en\/wp-json\/wp\/v2\/pages\/16\/revisions\/352"}],"wp:featuredmedia":[{"embeddable":true,"href":"https:\/\/www.bistrotdesalpilles.fr\/en\/wp-json\/wp\/v2\/media\/85"}],"wp:attachment":[{"href":"https:\/\/www.bistrotdesalpilles.fr\/en\/wp-json\/wp\/v2\/media?parent=16"}],"curies":[{"name":"wp","href":"https:\/\/api.w.org\/{rel}","templated":true}]}}